{"id":20,"date":"2019-10-27T20:58:33","date_gmt":"2019-10-27T20:58:33","guid":{"rendered":"https:\/\/srv.boxhost24.com\/wordpress\/?page_id=20"},"modified":"2020-02-07T22:58:33","modified_gmt":"2020-02-07T21:58:33","slug":"homepage","status":"publish","type":"page","link":"https:\/\/xn--hgskoleprovet-imb.se\/klarna\/","title":{"rendered":"Homepage"},"content":{"rendered":"\n<div class=\"wp-block-cover alignfull\" style=\"background-image:url(https:\/\/srv.boxhost24.com\/wordpress\/wp-content\/uploads\/2019\/10\/hero.jpg);background-color:#ffffff;min-height:389px;aspect-ratio:unset;\"><div class=\"wp-block-cover__inner-container is-layout-flow wp-block-cover-is-layout-flow\">\n<h1 class=\"has-text-align-center wp-block-heading\">H\u00f6gskoleprovet \u00f6vningsbok<\/h1>\n\n\n\n<p><\/p>\n<\/div><\/div>\n\n\n\n<p><strong>H\u00f6gskoleprovet&#8217;s senaste \u00f6vningsbok<\/strong>ger dig kunskap och tr\u00e4ning inf\u00f6r provet. Boken \u00e4r skapad av pedagogiska experter och inneh\u00e5ller en m\u00e4ngd smarta l\u00f6sningsknep, strategier och tips.<\/p>\n\n\n\n<p>H\u00f6gskoleprovet \u00f6vningsbok best\u00e5r av 234 sidor, fulla med relevant information som hj\u00e4lper dig till ett toppresultat. Alla delar f\u00f6rklaras ing\u00e5ende men l\u00e4ttf\u00f6rst\u00e5eligt.<\/p>\n\n\n\n<p>Du tr\u00e4nar p\u00e5 autentiska uppgifter och f\u00e5r pedagogisk handledning med massor av smarta l\u00f6sningsf\u00f6rslag. Sveriges mest anv\u00e4nda \u00f6vningsbok f\u00f6r provet!<\/p>\n\n\n\n<p class=\"has-text-align-center has-large-font-size\"> <a href=\"https:\/\/xn--hgskoleprovet-imb.se\/klarna\/shop\/?add-to-cart=14\">K\u00f6p Boken <\/a><\/p>\n\n\n\n<p><\/p>\n","protected":false},"excerpt":{"rendered":"<p>H\u00f6gskoleprovet&#8217;s senaste \u00f6vningsbokger dig kunskap och tr\u00e4ning inf\u00f6r provet. Boken \u00e4r skapad av pedagogiska experter och inneh\u00e5ller en m\u00e4ngd smarta l\u00f6sningsknep, strategier och tips. H\u00f6gskoleprovet \u00f6vningsbok best\u00e5r av 234 sidor, fulla med relevant information som hj\u00e4lper dig till ett toppresultat. Alla delar f\u00f6rklaras ing\u00e5ende men l\u00e4ttf\u00f6rst\u00e5eligt. Du tr\u00e4nar p\u00e5 autentiska uppgifter och f\u00e5r pedagogisk handledning [&hellip;]<\/p>\n","protected":false},"author":1,"featured_media":0,"parent":0,"menu_order":0,"comment_status":"closed","ping_status":"closed","template":"template-fullwidth.php","meta":{"footnotes":""},"class_list":["post-20","page","type-page","status-publish","hentry"],"_links":{"self":[{"href":"https:\/\/xn--hgskoleprovet-imb.se\/klarna\/wp-json\/wp\/v2\/pages\/20","targetHints":{"allow":["GET"]}}],"collection":[{"href":"https:\/\/xn--hgskoleprovet-imb.se\/klarna\/wp-json\/wp\/v2\/pages"}],"about":[{"href":"https:\/\/xn--hgskoleprovet-imb.se\/klarna\/wp-json\/wp\/v2\/types\/page"}],"author":[{"embeddable":true,"href":"https:\/\/xn--hgskoleprovet-imb.se\/klarna\/wp-json\/wp\/v2\/users\/1"}],"replies":[{"embeddable":true,"href":"https:\/\/xn--hgskoleprovet-imb.se\/klarna\/wp-json\/wp\/v2\/comments?post=20"}],"version-history":[{"count":14,"href":"https:\/\/xn--hgskoleprovet-imb.se\/klarna\/wp-json\/wp\/v2\/pages\/20\/revisions"}],"predecessor-version":[{"id":502,"href":"https:\/\/xn--hgskoleprovet-imb.se\/klarna\/wp-json\/wp\/v2\/pages\/20\/revisions\/502"}],"wp:attachment":[{"href":"https:\/\/xn--hgskoleprovet-imb.se\/klarna\/wp-json\/wp\/v2\/media?parent=20"}],"curies":[{"name":"wp","href":"https:\/\/api.w.org\/{rel}","templated":true}]}}