{"id":356,"date":"2020-02-07T12:17:56","date_gmt":"2020-02-07T12:17:56","guid":{"rendered":"https:\/\/xn--hgskoleprovet-imb.se\/klarna\/?page_id=356"},"modified":"2026-02-24T21:04:15","modified_gmt":"2026-02-24T20:04:15","slug":"kopeavtal","status":"publish","type":"page","link":"https:\/\/xn--hgskoleprovet-imb.se\/klarna\/kopeavtal\/","title":{"rendered":"K\u00f6pvillkor H\u00f6gskoleprovet.se"},"content":{"rendered":"<h2>K\u00f6pvillkor h\u00f6gskoleprovet.se<\/h2>\n<h3>Inledande information<\/h3>\n<p>Detta \u00e4r ett avtal mellan kunden, personen som g\u00f6r en best\u00e4llning p\u00e5 hemsidan h\u00f6gskoleprovet.se och leverant\u00f6ren, som tillhandah\u00e5ller varor eller tj\u00e4nster p\u00e5 sidan. Detta avtal reglerar kundens och leverant\u00f6rens r\u00e4ttigheter och skyldigheter. Parterna ing\u00e5r detta avtal d\u00e5 kunden g\u00f6r en best\u00e4llning p\u00e5 hemsidan h\u00f6gskoleprovet.se. Kunden intygar p\u00e5 heder och samvete att de uppgifter som l\u00e4mnas vid best\u00e4llningstillf\u00e4llet \u00e4r fullst\u00e4ndiga och korrekta.<\/p>\n<p>Kontakta oss p\u00e5 e-post: <a href=\"mailto:hello@hogskoleprovet.se\">hello@hogskoleprovet.se<\/a><\/p>\n<h3>Betalning<\/h3>\n<p>I samarbete med Kustom erbjuder H\u00f6gskoleprovet.se betall\u00f6sningen Kustom Checkout. Genom att slutf\u00f6ra ditt k\u00f6p godk\u00e4nner du b\u00e5de h\u00f6gskoleprovet.se och <a href=\"https:\/\/terms.kustomcheckout.com\/terms\/sv_se\/terms_and_conditions.pdf\" target=\"_blank\" rel=\"noopener noreferrer\">Kustoms villkor<\/a> samt Kustoms hantering av <a href=\"https:\/\/terms.kustomcheckout.com\/privacy\/sv_se\/privacy_policy.pdf\" target=\"_blank\" rel=\"noopener\">personuppgifter<\/a>.<\/p>\n<h3>Leveransvillkor<\/h3>\n<p>F\u00f6rs\u00e4ndelser skickas som varubrev med posten och delas normalt ut i din brevl\u00e5da, leveranstiden \u00e4r 3-7 dagar beroende p\u00e5 hur snabbt posten levererar din order. \u00c4r f\u00f6rs\u00e4ndelsen f\u00f6r stor f\u00f6r att g\u00e5 ner i din brevl\u00e5da skickas den vidare till ett ombud, du f\u00e5r d\u00e5 en avisering om detta fr\u00e5n posten.<\/p>\n<p>Om kunden ej f\u00e5tt sin best\u00e4llning senast inom tio dagar fr\u00e5n best\u00e4llningsdatum \u00e4r det kundens ansvar att snarast kontakta och informera leverant\u00f6ren via e-post. Vid utebliven kontakt \u00e4r kunden fullt betalningsansvarig, detsamma g\u00e4ller om leverans uteblir p\u00e5 grund av att kunden angivit en felaktig adress eller en adress d\u00e4r postleverans ej kan ske. Vid leverans av ers\u00e4ttningsvara betalar kunden fraktkostnader.<\/p>\n<h3>Avbest\u00e4llning<\/h3>\n<p>Du kan avbest\u00e4lla din order fram till dess att den har skickats fr\u00e5n oss. Kontakta v\u00e5r kundservice via e-post s\u00e5 hj\u00e4lper vi dig.<\/p>\n<h3>\u00c5ngerr\u00e4tt<\/h3>\n<p>Om du vill \u00e5ngra ett k\u00f6p efter det att du gjort en best\u00e4llning har du r\u00e4tt att, inom 14 dagar, ut\u00f6va din \u00e5ngerr\u00e4tt. Du betalar sj\u00e4lv f\u00f6r frakten och retur f\u00e5r inte ske mot postf\u00f6rskott eller efterkrav. Varan ska vara oanv\u00e4nd och i obruten orginalf\u00f6rpackning.<\/p>\n<p>\u00c5ngerr\u00e4tten g\u00e4ller inte vid k\u00f6p av v\u00e5ran bok som levereras digitalt i PDF format och som laddas ner direkt efter k\u00f6p.<\/p>\n<h3>H\u00f6gskoleprovet \u00f6vningsbok i digitalt PDF format<\/h3>\n<p>Du f\u00e5r flytta din e-bok mellan dina egna enheter men all kopiering, ut\u00f6ver f\u00f6r ditt privata bruk, och otillb\u00f6rlig vidarespridniang \u00e4r f\u00f6rbjuden.<\/p>\n<p>Varje PDF bok \u00e4r m\u00e4rkt med en unik vattenst\u00e4mpel. Den sp\u00e5rar vem som har k\u00f6pt boken om den b\u00f6rjar spridas olovligen. Du \u00e4r sj\u00e4lv ansvarig f\u00f6r att e-boken inte sprids vidare till annan anv\u00e4ndare. Om din e-bok hamnar p\u00e5 avv\u00e4gar, t ex p\u00e5 en fildelningssajt, kan vi med hj\u00e4lp av en avkodare f\u00e5 fram ditt ordernummer. Vattenm\u00e4rkningen kvarst\u00e5r vid kopiering av e-boken.<\/p>\n<h3>Reklamation<\/h3>\n<p>Om du uppt\u00e4cker att du f\u00e5tt en trasig eller defekt vara eller om paketet f\u00f6rsvunnit under transporten ska du kontakta v\u00e5r kundservice per e-post s\u00e5 hj\u00e4lper vi dig med ers\u00e4ttningsvara. Reklamation ska ske inom sk\u00e4lig tid fr\u00e5n det att du uppt\u00e4ckte eller borde ha uppt\u00e4ckt felet, dock senast 14 dagar fr\u00e5n leveransdagen.<\/p>\n<p>H\u00f6gskoleprovet.se f\u00f6ljer Allm\u00e4nna reklamationsn\u00e4mndens rekommendationer f\u00f6r reklamationer, se\u00a0 <a href=\"http:\/\/www.arn.se\/\" target=\"_blank\" rel=\"noopener noreferrer\">arn.se<\/a>, och EU lag vid en eventuell tvist.<\/p>\n","protected":false},"excerpt":{"rendered":"<p>K\u00f6pvillkor h\u00f6gskoleprovet.se Inledande information Detta \u00e4r ett avtal mellan kunden, personen som g\u00f6r en best\u00e4llning p\u00e5 hemsidan h\u00f6gskoleprovet.se och leverant\u00f6ren, som tillhandah\u00e5ller varor eller tj\u00e4nster p\u00e5 sidan. Detta avtal reglerar kundens och leverant\u00f6rens r\u00e4ttigheter och skyldigheter. Parterna ing\u00e5r detta avtal d\u00e5 kunden g\u00f6r en best\u00e4llning p\u00e5 hemsidan h\u00f6gskoleprovet.se. Kunden intygar p\u00e5 heder och samvete att [&hellip;]<\/p>\n","protected":false},"author":1,"featured_media":0,"parent":0,"menu_order":0,"comment_status":"closed","ping_status":"closed","template":"template-fullwidth.php","meta":{"footnotes":""},"class_list":["post-356","page","type-page","status-publish","hentry"],"_links":{"self":[{"href":"https:\/\/xn--hgskoleprovet-imb.se\/klarna\/wp-json\/wp\/v2\/pages\/356","targetHints":{"allow":["GET"]}}],"collection":[{"href":"https:\/\/xn--hgskoleprovet-imb.se\/klarna\/wp-json\/wp\/v2\/pages"}],"about":[{"href":"https:\/\/xn--hgskoleprovet-imb.se\/klarna\/wp-json\/wp\/v2\/types\/page"}],"author":[{"embeddable":true,"href":"https:\/\/xn--hgskoleprovet-imb.se\/klarna\/wp-json\/wp\/v2\/users\/1"}],"replies":[{"embeddable":true,"href":"https:\/\/xn--hgskoleprovet-imb.se\/klarna\/wp-json\/wp\/v2\/comments?post=356"}],"version-history":[{"count":15,"href":"https:\/\/xn--hgskoleprovet-imb.se\/klarna\/wp-json\/wp\/v2\/pages\/356\/revisions"}],"predecessor-version":[{"id":1558,"href":"https:\/\/xn--hgskoleprovet-imb.se\/klarna\/wp-json\/wp\/v2\/pages\/356\/revisions\/1558"}],"wp:attachment":[{"href":"https:\/\/xn--hgskoleprovet-imb.se\/klarna\/wp-json\/wp\/v2\/media?parent=356"}],"curies":[{"name":"wp","href":"https:\/\/api.w.org\/{rel}","templated":true}]}}